{"id":89,"date":"2019-04-20T05:26:46","date_gmt":"2019-04-20T05:26:46","guid":{"rendered":"http:\/\/fun-limos.de\/?page_id=89"},"modified":"2025-02-04T20:26:34","modified_gmt":"2025-02-04T20:26:34","slug":"flughafentransfer","status":"publish","type":"page","link":"https:\/\/fun-limos.de\/index.php\/flughafentransfer\/","title":{"rendered":"Flughafentransfer"},"content":{"rendered":"\t\t<div data-elementor-type=\"wp-post\" data-elementor-id=\"89\" class=\"elementor elementor-89\">\n\t\t\t\t\t\t<section class=\"elementor-section elementor-top-section elementor-element elementor-element-d171855 elementor-section-boxed elementor-section-height-default elementor-section-height-default\" data-id=\"d171855\" data-element_type=\"section\">\n\t\t\t\t\t\t<div class=\"elementor-container elementor-column-gap-default\">\n\t\t\t\t\t<div class=\"elementor-column elementor-col-100 elementor-top-column elementor-element elementor-element-404e6a6\" data-id=\"404e6a6\" data-element_type=\"column\">\n\t\t\t<div class=\"elementor-widget-wrap elementor-element-populated\">\n\t\t\t\t\t\t<div class=\"elementor-element elementor-element-bf9fd59 elementor-widget elementor-widget-text-editor\" data-id=\"bf9fd59\" data-element_type=\"widget\" data-widget_type=\"text-editor.default\">\n\t\t\t\t<div class=\"elementor-widget-container\">\n\t\t\t\t\t\t\t\t\t<p>Mit dem Limousinen- und Chauffeurservice von Fun-Limos entspannt und komfortabel zum Flughafen. Unser Service bietet sowohl Business- als auch Privatpersonen einen zuverl\u00e4ssigen Transfer. Lehnen Sie sich zur\u00fcck und genie\u00dfen die Fahrt. Mit Fun-Limos entgehen Sie dem Fahr- und Parkstress am Flughafen.<\/p><p><strong>Eine echte Alternative:<\/strong> Sie treffen Ihren Chauffeur im Flughafen, er begleitet Sie zu einem unserer Fahrzeuge und bringt Sie komfortabel und sicher an Ihr gew\u00fcnschtes Ziel. Dort kann der Fahrer auf Sie warten oder Sie zu einem sp\u00e4teren Zeitpunkt wieder abholen. Mit Fun-Limos an ihrer Seite sparen Sie Zeit, Geld und Unannehmlichkeiten.<\/p>\t\t\t\t\t\t\t\t<\/div>\n\t\t\t\t<\/div>\n\t\t\t\t<div class=\"elementor-element elementor-element-3fd5273 elementor-widget-divider--view-line elementor-widget elementor-widget-divider\" data-id=\"3fd5273\" data-element_type=\"widget\" data-widget_type=\"divider.default\">\n\t\t\t\t<div class=\"elementor-widget-container\">\n\t\t\t\t\t\t\t<div class=\"elementor-divider\">\n\t\t\t<span class=\"elementor-divider-separator\">\n\t\t\t\t\t\t<\/span>\n\t\t<\/div>\n\t\t\t\t\t\t<\/div>\n\t\t\t\t<\/div>\n\t\t\t\t\t<\/div>\n\t\t<\/div>\n\t\t\t\t\t<\/div>\n\t\t<\/section>\n\t\t\t\t<section class=\"elementor-section elementor-top-section elementor-element elementor-element-86f87be elementor-section-boxed elementor-section-height-default elementor-section-height-default\" data-id=\"86f87be\" data-element_type=\"section\">\n\t\t\t\t\t\t<div class=\"elementor-container elementor-column-gap-default\">\n\t\t\t\t\t<div class=\"elementor-column elementor-col-50 elementor-top-column elementor-element elementor-element-d17e537\" data-id=\"d17e537\" data-element_type=\"column\">\n\t\t\t<div class=\"elementor-widget-wrap elementor-element-populated\">\n\t\t\t\t\t\t<div class=\"elementor-element elementor-element-9391ee9 elementor-hidden-phone elementor-widget elementor-widget-image\" data-id=\"9391ee9\" data-element_type=\"widget\" data-widget_type=\"image.default\">\n\t\t\t\t<div class=\"elementor-widget-container\">\n\t\t\t\t\t\t\t\t\t\t\t\t\t\t\t<img fetchpriority=\"high\" decoding=\"async\" width=\"769\" height=\"1024\" src=\"https:\/\/fun-limos.de\/wp-content\/uploads\/2019\/04\/airport-architecture-berlin-1387535-769x1024.jpg\" class=\"attachment-large size-large wp-image-91\" alt=\"\" srcset=\"https:\/\/fun-limos.de\/wp-content\/uploads\/2019\/04\/airport-architecture-berlin-1387535-769x1024.jpg 769w, https:\/\/fun-limos.de\/wp-content\/uploads\/2019\/04\/airport-architecture-berlin-1387535-225x300.jpg 225w, https:\/\/fun-limos.de\/wp-content\/uploads\/2019\/04\/airport-architecture-berlin-1387535-768x1023.jpg 768w, https:\/\/fun-limos.de\/wp-content\/uploads\/2019\/04\/airport-architecture-berlin-1387535-830x1105.jpg 830w, https:\/\/fun-limos.de\/wp-content\/uploads\/2019\/04\/airport-architecture-berlin-1387535-230x306.jpg 230w, https:\/\/fun-limos.de\/wp-content\/uploads\/2019\/04\/airport-architecture-berlin-1387535-350x466.jpg 350w, https:\/\/fun-limos.de\/wp-content\/uploads\/2019\/04\/airport-architecture-berlin-1387535-480x639.jpg 480w\" sizes=\"(max-width: 769px) 100vw, 769px\" \/>\t\t\t\t\t\t\t\t\t\t\t\t\t\t\t<\/div>\n\t\t\t\t<\/div>\n\t\t\t\t\t<\/div>\n\t\t<\/div>\n\t\t\t\t<div class=\"elementor-column elementor-col-50 elementor-top-column elementor-element elementor-element-178f175\" data-id=\"178f175\" data-element_type=\"column\">\n\t\t\t<div class=\"elementor-widget-wrap elementor-element-populated\">\n\t\t\t\t\t\t<div class=\"elementor-element elementor-element-84d5817 elementor-widget elementor-widget-text-editor\" data-id=\"84d5817\" data-element_type=\"widget\" data-widget_type=\"text-editor.default\">\n\t\t\t\t<div class=\"elementor-widget-container\">\n\t\t\t\t\t\t\t\t\t<p><strong>Transfers zu folgenden Flugh\u00e4fen:<\/strong><\/p><ul><li>Flughafen \/ Airport Frankfurt am Main<\/li><li>Flughafen \/ Airport Stuttgart<\/li><li>Flughafen \/ Airport Karlsruhe\/Baden-Baden<\/li><li>Flughafen \/ Airport Basel\/Schweiz<\/li><li>Flughafen \/ Airport Z\u00fcrich\/Schweiz<\/li><li>Flughafen \/ Airport Stra\u00dfburg\/Frankreich<\/li><\/ul>\t\t\t\t\t\t\t\t<\/div>\n\t\t\t\t<\/div>\n\t\t\t\t\t<\/div>\n\t\t<\/div>\n\t\t\t\t\t<\/div>\n\t\t<\/section>\n\t\t\t\t<\/div>\n\t\t","protected":false},"excerpt":{"rendered":"<p>Mit dem Limousinen- und Chauffeurservice von Fun-Limos entspannt und komfortabel zum Flughafen. Unser [&hellip;]<\/p>\n","protected":false},"author":1,"featured_media":0,"parent":0,"menu_order":0,"comment_status":"closed","ping_status":"closed","template":"","meta":{"footnotes":""},"class_list":["post-89","page","type-page","status-publish","hentry"],"_links":{"self":[{"href":"https:\/\/fun-limos.de\/index.php\/wp-json\/wp\/v2\/pages\/89","targetHints":{"allow":["GET"]}}],"collection":[{"href":"https:\/\/fun-limos.de\/index.php\/wp-json\/wp\/v2\/pages"}],"about":[{"href":"https:\/\/fun-limos.de\/index.php\/wp-json\/wp\/v2\/types\/page"}],"author":[{"embeddable":true,"href":"https:\/\/fun-limos.de\/index.php\/wp-json\/wp\/v2\/users\/1"}],"replies":[{"embeddable":true,"href":"https:\/\/fun-limos.de\/index.php\/wp-json\/wp\/v2\/comments?post=89"}],"version-history":[{"count":11,"href":"https:\/\/fun-limos.de\/index.php\/wp-json\/wp\/v2\/pages\/89\/revisions"}],"predecessor-version":[{"id":670,"href":"https:\/\/fun-limos.de\/index.php\/wp-json\/wp\/v2\/pages\/89\/revisions\/670"}],"wp:attachment":[{"href":"https:\/\/fun-limos.de\/index.php\/wp-json\/wp\/v2\/media?parent=89"}],"curies":[{"name":"wp","href":"https:\/\/api.w.org\/{rel}","templated":true}]}}