{"id":86,"date":"2019-04-20T05:14:59","date_gmt":"2019-04-20T05:14:59","guid":{"rendered":"http:\/\/fun-limos.de\/?page_id=86"},"modified":"2025-02-04T20:25:27","modified_gmt":"2025-02-04T20:25:27","slug":"disco-touren","status":"publish","type":"page","link":"https:\/\/fun-limos.de\/index.php\/disco-touren\/","title":{"rendered":"Disco-Touren"},"content":{"rendered":"\t\t<div data-elementor-type=\"wp-post\" data-elementor-id=\"86\" class=\"elementor elementor-86\">\n\t\t\t\t\t\t<section class=\"elementor-section elementor-top-section elementor-element elementor-element-067f51d elementor-section-boxed elementor-section-height-default elementor-section-height-default\" data-id=\"067f51d\" data-element_type=\"section\">\n\t\t\t\t\t\t<div class=\"elementor-container elementor-column-gap-default\">\n\t\t\t\t\t<div class=\"elementor-column elementor-col-100 elementor-top-column elementor-element elementor-element-20d4ad2\" data-id=\"20d4ad2\" data-element_type=\"column\">\n\t\t\t<div class=\"elementor-widget-wrap elementor-element-populated\">\n\t\t\t\t\t\t<div class=\"elementor-element elementor-element-54ff5cd elementor-widget elementor-widget-text-editor\" data-id=\"54ff5cd\" data-element_type=\"widget\" data-widget_type=\"text-editor.default\">\n\t\t\t\t<div class=\"elementor-widget-container\">\n\t\t\t\t\t\t\t\t\t<p>Sind Sie es leid, Ihre Pl\u00e4ne f\u00fcr die Disco-Tour immer mit der Frage zu beginnen, wer den Fahrdienst \u00fcbernimmt bzw. sich die Frage zu stellen, wie Sie nach einer Partynacht sicher und heil nach Hause kommen?<br \/>\u00dcberlassen Sie nichts dem Zufall. Feiern Sie doch wo Sie wollen \u2013 aber mit der Fun-Limos Stretchlimousinenvermietung. Mit unseren exklusiven Stretchlimousinen bringen wir Sie zu jeder Disco oder Partylocation, die Ihnen gef\u00e4llt. Wir f\u00fchren unsere Disco-Touren zu allen namhaften Discotheken in ganz Baden-W\u00fcrttemberg aus.<\/p>\t\t\t\t\t\t\t\t<\/div>\n\t\t\t\t<\/div>\n\t\t\t\t<div class=\"elementor-element elementor-element-2c602f0 elementor-widget-divider--view-line elementor-widget elementor-widget-divider\" data-id=\"2c602f0\" data-element_type=\"widget\" data-widget_type=\"divider.default\">\n\t\t\t\t<div class=\"elementor-widget-container\">\n\t\t\t\t\t\t\t<div class=\"elementor-divider\">\n\t\t\t<span class=\"elementor-divider-separator\">\n\t\t\t\t\t\t<\/span>\n\t\t<\/div>\n\t\t\t\t\t\t<\/div>\n\t\t\t\t<\/div>\n\t\t\t\t\t<\/div>\n\t\t<\/div>\n\t\t\t\t\t<\/div>\n\t\t<\/section>\n\t\t\t\t<section class=\"elementor-section elementor-top-section elementor-element elementor-element-deeaf80 elementor-section-boxed elementor-section-height-default elementor-section-height-default\" data-id=\"deeaf80\" data-element_type=\"section\">\n\t\t\t\t\t\t<div class=\"elementor-container elementor-column-gap-default\">\n\t\t\t\t\t<div class=\"elementor-column elementor-col-100 elementor-top-column elementor-element elementor-element-8574cac\" data-id=\"8574cac\" data-element_type=\"column\">\n\t\t\t<div class=\"elementor-widget-wrap elementor-element-populated\">\n\t\t\t\t\t\t<div class=\"elementor-element elementor-element-7d8231d elementor-widget elementor-widget-text-editor\" data-id=\"7d8231d\" data-element_type=\"widget\" data-widget_type=\"text-editor.default\">\n\t\t\t\t<div class=\"elementor-widget-container\">\n\t\t\t\t\t\t\t\t\t<div><u>Im Partyangebot mitenthalten sind:<\/u><\/div><ul><li>Pick-Up (gew\u00fcnschte Uhrzeit)<\/li><li>R\u00fcckfahrt auf Wunsch <\/li><li>1 Flasche Sekt gratis zum Verzehr in der Stretchlimousine<\/li><\/ul>\t\t\t\t\t\t\t\t<\/div>\n\t\t\t\t<\/div>\n\t\t\t\t\t<\/div>\n\t\t<\/div>\n\t\t\t\t\t<\/div>\n\t\t<\/section>\n\t\t\t\t<\/div>\n\t\t","protected":false},"excerpt":{"rendered":"<p>Sind Sie es leid, Ihre Pl\u00e4ne f\u00fcr die Disco-Tour immer mit der Frage [&hellip;]<\/p>\n","protected":false},"author":1,"featured_media":0,"parent":0,"menu_order":0,"comment_status":"closed","ping_status":"closed","template":"","meta":{"footnotes":""},"class_list":["post-86","page","type-page","status-publish","hentry"],"_links":{"self":[{"href":"https:\/\/fun-limos.de\/index.php\/wp-json\/wp\/v2\/pages\/86","targetHints":{"allow":["GET"]}}],"collection":[{"href":"https:\/\/fun-limos.de\/index.php\/wp-json\/wp\/v2\/pages"}],"about":[{"href":"https:\/\/fun-limos.de\/index.php\/wp-json\/wp\/v2\/types\/page"}],"author":[{"embeddable":true,"href":"https:\/\/fun-limos.de\/index.php\/wp-json\/wp\/v2\/users\/1"}],"replies":[{"embeddable":true,"href":"https:\/\/fun-limos.de\/index.php\/wp-json\/wp\/v2\/comments?post=86"}],"version-history":[{"count":7,"href":"https:\/\/fun-limos.de\/index.php\/wp-json\/wp\/v2\/pages\/86\/revisions"}],"predecessor-version":[{"id":667,"href":"https:\/\/fun-limos.de\/index.php\/wp-json\/wp\/v2\/pages\/86\/revisions\/667"}],"wp:attachment":[{"href":"https:\/\/fun-limos.de\/index.php\/wp-json\/wp\/v2\/media?parent=86"}],"curies":[{"name":"wp","href":"https:\/\/api.w.org\/{rel}","templated":true}]}}