{"id":391,"date":"2025-01-28T19:42:43","date_gmt":"2025-01-28T19:42:43","guid":{"rendered":"http:\/\/fun-limos.de\/index.php\/peregrine\/"},"modified":"2025-04-28T12:52:27","modified_gmt":"2025-04-28T12:52:27","slug":"peregrine","status":"publish","type":"page","link":"https:\/\/fun-limos.de\/","title":{"rendered":"Front Page"},"content":{"rendered":"\t\t<div data-elementor-type=\"wp-page\" data-elementor-id=\"391\" class=\"elementor elementor-391\">\n\t\t\t\t\t\t<section class=\"elementor-section elementor-top-section elementor-element elementor-element-f9275c1 elementor-section-boxed elementor-section-height-default elementor-section-height-default\" data-id=\"f9275c1\" data-element_type=\"section\">\n\t\t\t\t\t\t<div class=\"elementor-container elementor-column-gap-default\">\n\t\t\t\t\t<div class=\"elementor-column elementor-col-33 elementor-top-column elementor-element elementor-element-23099b1\" data-id=\"23099b1\" data-element_type=\"column\">\n\t\t\t<div class=\"elementor-widget-wrap elementor-element-populated\">\n\t\t\t\t\t\t<div class=\"elementor-element elementor-element-63b7632 elementor-align-center elementor-widget elementor-widget-button\" data-id=\"63b7632\" data-element_type=\"widget\" data-widget_type=\"button.default\">\n\t\t\t\t<div class=\"elementor-widget-container\">\n\t\t\t\t\t\t\t\t\t<div class=\"elementor-button-wrapper\">\n\t\t\t\t\t<a class=\"elementor-button elementor-button-link elementor-size-sm elementor-animation-grow\" href=\"https:\/\/www.instagram.com\/funlimos\/\">\n\t\t\t\t\t\t<span class=\"elementor-button-content-wrapper\">\n\t\t\t\t\t\t<span class=\"elementor-button-icon\">\n\t\t\t\t<i aria-hidden=\"true\" class=\"fab fa-instagram\"><\/i>\t\t\t<\/span>\n\t\t\t\t\t\t\t\t<\/span>\n\t\t\t\t\t<\/a>\n\t\t\t\t<\/div>\n\t\t\t\t\t\t\t\t<\/div>\n\t\t\t\t<\/div>\n\t\t\t\t\t<\/div>\n\t\t<\/div>\n\t\t\t\t<div class=\"elementor-column elementor-col-33 elementor-top-column elementor-element elementor-element-9990467\" data-id=\"9990467\" data-element_type=\"column\">\n\t\t\t<div class=\"elementor-widget-wrap elementor-element-populated\">\n\t\t\t\t\t\t<div class=\"elementor-element elementor-element-1cc74fb elementor-align-center elementor-widget elementor-widget-button\" data-id=\"1cc74fb\" data-element_type=\"widget\" data-widget_type=\"button.default\">\n\t\t\t\t<div class=\"elementor-widget-container\">\n\t\t\t\t\t\t\t\t\t<div class=\"elementor-button-wrapper\">\n\t\t\t\t\t<a class=\"elementor-button elementor-button-link elementor-size-sm elementor-animation-grow\" href=\"https:\/\/wa.me\/491635558580\">\n\t\t\t\t\t\t<span class=\"elementor-button-content-wrapper\">\n\t\t\t\t\t\t<span class=\"elementor-button-icon\">\n\t\t\t\t<i aria-hidden=\"true\" class=\"fab fa-whatsapp\"><\/i>\t\t\t<\/span>\n\t\t\t\t\t\t\t\t<\/span>\n\t\t\t\t\t<\/a>\n\t\t\t\t<\/div>\n\t\t\t\t\t\t\t\t<\/div>\n\t\t\t\t<\/div>\n\t\t\t\t\t<\/div>\n\t\t<\/div>\n\t\t\t\t<div class=\"elementor-column elementor-col-33 elementor-top-column elementor-element elementor-element-67d0c03\" data-id=\"67d0c03\" data-element_type=\"column\">\n\t\t\t<div class=\"elementor-widget-wrap elementor-element-populated\">\n\t\t\t\t\t\t<div class=\"elementor-element elementor-element-0f30885 elementor-align-center elementor-widget elementor-widget-button\" data-id=\"0f30885\" data-element_type=\"widget\" data-widget_type=\"button.default\">\n\t\t\t\t<div class=\"elementor-widget-container\">\n\t\t\t\t\t\t\t\t\t<div class=\"elementor-button-wrapper\">\n\t\t\t\t\t<a class=\"elementor-button elementor-button-link elementor-size-sm elementor-animation-grow\" href=\"https:\/\/www.tiktok.com\/@funlimos?_t=ZN-8vZu843WoEw&#038;_r=1\">\n\t\t\t\t\t\t<span class=\"elementor-button-content-wrapper\">\n\t\t\t\t\t\t<span class=\"elementor-button-icon\">\n\t\t\t\t<i aria-hidden=\"true\" class=\"fab fa-tiktok\"><\/i>\t\t\t<\/span>\n\t\t\t\t\t\t\t\t<\/span>\n\t\t\t\t\t<\/a>\n\t\t\t\t<\/div>\n\t\t\t\t\t\t\t\t<\/div>\n\t\t\t\t<\/div>\n\t\t\t\t\t<\/div>\n\t\t<\/div>\n\t\t\t\t\t<\/div>\n\t\t<\/section>\n\t\t\t\t<section class=\"elementor-section elementor-top-section elementor-element elementor-element-d68acc1 elementor-section-boxed elementor-section-height-default elementor-section-height-default\" data-id=\"d68acc1\" data-element_type=\"section\">\n\t\t\t\t\t\t<div class=\"elementor-container elementor-column-gap-default\">\n\t\t\t\t\t<div class=\"elementor-column elementor-col-50 elementor-top-column elementor-element elementor-element-bc854bf\" data-id=\"bc854bf\" data-element_type=\"column\">\n\t\t\t<div class=\"elementor-widget-wrap elementor-element-populated\">\n\t\t\t\t\t\t<div class=\"elementor-element elementor-element-46c05a5 elementor-widget elementor-widget-heading\" data-id=\"46c05a5\" data-element_type=\"widget\" data-widget_type=\"heading.default\">\n\t\t\t\t<div class=\"elementor-widget-container\">\n\t\t\t\t\t<h2 class=\"elementor-heading-title elementor-size-default\">Angebot des Monats:<\/h2>\t\t\t\t<\/div>\n\t\t\t\t<\/div>\n\t\t\t\t\t<\/div>\n\t\t<\/div>\n\t\t\t\t<div class=\"elementor-column elementor-col-50 elementor-top-column elementor-element elementor-element-f19e540\" data-id=\"f19e540\" data-element_type=\"column\">\n\t\t\t<div class=\"elementor-widget-wrap elementor-element-populated\">\n\t\t\t\t\t\t<div class=\"elementor-element elementor-element-98476ba elementor-widget elementor-widget-heading\" data-id=\"98476ba\" data-element_type=\"widget\" data-widget_type=\"heading.default\">\n\t\t\t\t<div class=\"elementor-widget-container\">\n\t\t\t\t\t<h2 class=\"elementor-heading-title elementor-size-default\">Regeln in der Limo:<\/h2>\t\t\t\t<\/div>\n\t\t\t\t<\/div>\n\t\t\t\t\t<\/div>\n\t\t<\/div>\n\t\t\t\t\t<\/div>\n\t\t<\/section>\n\t\t\t\t<section class=\"elementor-section elementor-top-section elementor-element elementor-element-64ddfed elementor-section-boxed elementor-section-height-default elementor-section-height-default\" data-id=\"64ddfed\" data-element_type=\"section\">\n\t\t\t\t\t\t<div class=\"elementor-container elementor-column-gap-default\">\n\t\t\t\t\t<div class=\"elementor-column elementor-col-50 elementor-top-column elementor-element elementor-element-b9d3621\" data-id=\"b9d3621\" data-element_type=\"column\">\n\t\t\t<div class=\"elementor-widget-wrap elementor-element-populated\">\n\t\t\t\t\t\t<div class=\"elementor-element elementor-element-f65c231 elementor-widget elementor-widget-image\" data-id=\"f65c231\" data-element_type=\"widget\" data-widget_type=\"image.default\">\n\t\t\t\t<div class=\"elementor-widget-container\">\n\t\t\t\t\t\t\t\t\t\t\t\t\t\t\t<img fetchpriority=\"high\" decoding=\"async\" width=\"819\" height=\"1024\" src=\"https:\/\/fun-limos.de\/wp-content\/uploads\/2025\/03\/keine-aktuellen-819x1024.png\" class=\"attachment-large size-large wp-image-762\" alt=\"\" srcset=\"https:\/\/fun-limos.de\/wp-content\/uploads\/2025\/03\/keine-aktuellen-819x1024.png 819w, https:\/\/fun-limos.de\/wp-content\/uploads\/2025\/03\/keine-aktuellen-240x300.png 240w, https:\/\/fun-limos.de\/wp-content\/uploads\/2025\/03\/keine-aktuellen-768x960.png 768w, https:\/\/fun-limos.de\/wp-content\/uploads\/2025\/03\/keine-aktuellen.png 1080w\" sizes=\"(max-width: 819px) 100vw, 819px\" \/>\t\t\t\t\t\t\t\t\t\t\t\t\t\t\t<\/div>\n\t\t\t\t<\/div>\n\t\t\t\t\t<\/div>\n\t\t<\/div>\n\t\t\t\t<div class=\"elementor-column elementor-col-50 elementor-top-column elementor-element elementor-element-7c97efc\" data-id=\"7c97efc\" data-element_type=\"column\">\n\t\t\t<div class=\"elementor-widget-wrap elementor-element-populated\">\n\t\t\t\t\t\t<section class=\"elementor-section elementor-inner-section elementor-element elementor-element-ad62d33 elementor-section-boxed elementor-section-height-default elementor-section-height-default\" data-id=\"ad62d33\" data-element_type=\"section\">\n\t\t\t\t\t\t<div class=\"elementor-container elementor-column-gap-default\">\n\t\t\t\t\t<div class=\"elementor-column elementor-col-50 elementor-inner-column elementor-element elementor-element-0928bb1\" data-id=\"0928bb1\" data-element_type=\"column\">\n\t\t\t<div class=\"elementor-widget-wrap elementor-element-populated\">\n\t\t\t\t\t\t<div class=\"elementor-element elementor-element-8785286 elementor-widget elementor-widget-text-editor\" data-id=\"8785286\" data-element_type=\"widget\" data-widget_type=\"text-editor.default\">\n\t\t\t\t<div class=\"elementor-widget-container\">\n\t\t\t\t\t\t\t\t\t<p><span style=\"text-decoration: underline;\"><strong>Erlaubt:<\/strong><\/span><\/p><ul><li>Eigene Musik<\/li><li>E-Zigaretten oder IQOS<\/li><li>Konsumieren von servierten Getr\u00e4nken<\/li><li>Aufnahme von Fotos und Videos<\/li><li>Kopf aus dem Fenster strecken<\/li><li>Tanzen, Feiern &amp; Twerken<\/li><li>Foto-, Raucher- &amp; Toilettenpausen<\/li><li>\u00c4nderungen der Route (nur in Freiburg im Breisgau &amp; 30 km Umkreis)<\/li><li>Zus\u00e4tzliche Personen einladen (sofern es in der abgesprochenen Kapazit\u00e4t bleibt)<\/li><li>Jede Art von Spielen (falls es die Ausstattung nicht besch\u00e4digt)<\/li><li>Live-Streams o. Social Media Posts (gerne mit Erw\u00e4hnung unserer Seiten @funlimos)<\/li><li>Eigene Deko mitbringen (solang das Auto unbesch\u00e4digt bleibt und sie problemlos entfernt werden kann)<\/li><\/ul>\t\t\t\t\t\t\t\t<\/div>\n\t\t\t\t<\/div>\n\t\t\t\t\t<\/div>\n\t\t<\/div>\n\t\t\t\t<div class=\"elementor-column elementor-col-50 elementor-inner-column elementor-element elementor-element-b5319e9\" data-id=\"b5319e9\" data-element_type=\"column\">\n\t\t\t<div class=\"elementor-widget-wrap elementor-element-populated\">\n\t\t\t\t\t\t<div class=\"elementor-element elementor-element-d1a5780 elementor-widget elementor-widget-text-editor\" data-id=\"d1a5780\" data-element_type=\"widget\" data-widget_type=\"text-editor.default\">\n\t\t\t\t<div class=\"elementor-widget-container\">\n\t\t\t\t\t\t\t\t\t<p><span style=\"text-decoration: underline;\"><strong>Verboten:<\/strong><\/span><\/p><ul><li>Verzehr von eigenen Getr\u00e4nken ohne Absprache<\/li><li>Konsum von Drogen oder Zigaretten<\/li><li>Twerken aus dem Fenster<\/li><li>Sitzen auf der T\u00fcrverkleidung bei offnem Fenster<\/li><li>Rausstrecken vom Oberk\u00f6rper w\u00e4hrend der Fahrt<\/li><li>T\u00fcren w\u00e4hrend der Fahrt \u00f6ffnen<\/li><li>Aufstehen o. Rumlaufen w\u00e4hrend der Fahrt (hohe Verletzungsgefahr)<\/li><li>Aggressives o. respektloses Verhalten<\/li><li>Sachbesch\u00e4digung (ernsthafte Sch\u00e4den der Ausstattung)<\/li><li>\u00dcberschreiten der Personenzahl<\/li><li>Feuerwerk oder Pyrotechnik<\/li><li>Beihaben von illegalen Gegenst\u00e4nden<\/li><li>\u00dcberm\u00e4\u00dfiger Alkoholkonsum<\/li><\/ul>\t\t\t\t\t\t\t\t<\/div>\n\t\t\t\t<\/div>\n\t\t\t\t\t<\/div>\n\t\t<\/div>\n\t\t\t\t\t<\/div>\n\t\t<\/section>\n\t\t\t\t\t<\/div>\n\t\t<\/div>\n\t\t\t\t\t<\/div>\n\t\t<\/section>\n\t\t\t\t<section class=\"elementor-section elementor-top-section elementor-element elementor-element-f8e8df0 elementor-section-boxed elementor-section-height-default elementor-section-height-default\" data-id=\"f8e8df0\" data-element_type=\"section\">\n\t\t\t\t\t\t<div class=\"elementor-container elementor-column-gap-default\">\n\t\t\t\t\t<div class=\"elementor-column elementor-col-50 elementor-top-column elementor-element elementor-element-ee4cef1\" data-id=\"ee4cef1\" data-element_type=\"column\">\n\t\t\t<div class=\"elementor-widget-wrap\">\n\t\t\t\t\t\t\t<\/div>\n\t\t<\/div>\n\t\t\t\t<div class=\"elementor-column elementor-col-50 elementor-top-column elementor-element elementor-element-78f43df\" data-id=\"78f43df\" data-element_type=\"column\">\n\t\t\t<div class=\"elementor-widget-wrap elementor-element-populated\">\n\t\t\t\t\t\t<div class=\"elementor-element elementor-element-f80bbf0 elementor-widget elementor-widget-text-editor\" data-id=\"f80bbf0\" data-element_type=\"widget\" data-widget_type=\"text-editor.default\">\n\t\t\t\t<div class=\"elementor-widget-container\">\n\t\t\t\t\t\t\t\t\t<p><strong>Versto\u00dfe k\u00f6nnen zu Geldstrafen oder Fahrtabbruch f\u00fchren!<\/strong><\/p>\t\t\t\t\t\t\t\t<\/div>\n\t\t\t\t<\/div>\n\t\t\t\t\t<\/div>\n\t\t<\/div>\n\t\t\t\t\t<\/div>\n\t\t<\/section>\n\t\t\t\t<\/div>\n\t\t","protected":false},"excerpt":{"rendered":"<p>Angebot des Monats: Regeln in der Limo: Erlaubt: Eigene Musik E-Zigaretten oder IQOS [&hellip;]<\/p>\n","protected":false},"author":2,"featured_media":0,"parent":0,"menu_order":0,"comment_status":"closed","ping_status":"closed","template":"page-templates\/homepage.php","meta":{"footnotes":""},"class_list":["post-391","page","type-page","status-publish","hentry"],"_links":{"self":[{"href":"https:\/\/fun-limos.de\/index.php\/wp-json\/wp\/v2\/pages\/391","targetHints":{"allow":["GET"]}}],"collection":[{"href":"https:\/\/fun-limos.de\/index.php\/wp-json\/wp\/v2\/pages"}],"about":[{"href":"https:\/\/fun-limos.de\/index.php\/wp-json\/wp\/v2\/types\/page"}],"author":[{"embeddable":true,"href":"https:\/\/fun-limos.de\/index.php\/wp-json\/wp\/v2\/users\/2"}],"replies":[{"embeddable":true,"href":"https:\/\/fun-limos.de\/index.php\/wp-json\/wp\/v2\/comments?post=391"}],"version-history":[{"count":33,"href":"https:\/\/fun-limos.de\/index.php\/wp-json\/wp\/v2\/pages\/391\/revisions"}],"predecessor-version":[{"id":801,"href":"https:\/\/fun-limos.de\/index.php\/wp-json\/wp\/v2\/pages\/391\/revisions\/801"}],"wp:attachment":[{"href":"https:\/\/fun-limos.de\/index.php\/wp-json\/wp\/v2\/media?parent=391"}],"curies":[{"name":"wp","href":"https:\/\/api.w.org\/{rel}","templated":true}]}}