{"id":10,"date":"2019-04-20T01:11:23","date_gmt":"2019-04-20T01:11:23","guid":{"rendered":"http:\/\/fun-limos.de\/index.php\/mesmerize\/"},"modified":"2025-05-27T20:00:27","modified_gmt":"2025-05-27T20:00:27","slug":"mesmerize","status":"publish","type":"page","link":"https:\/\/fun-limos.de\/index.php\/mesmerize\/","title":{"rendered":"Unsere Angebote"},"content":{"rendered":"\t\t<div data-elementor-type=\"wp-post\" data-elementor-id=\"10\" class=\"elementor elementor-10\">\n\t\t\t\t\t\t<section class=\"elementor-section elementor-top-section elementor-element elementor-element-26d63c1 elementor-section-boxed elementor-section-height-default elementor-section-height-default\" data-id=\"26d63c1\" data-element_type=\"section\">\n\t\t\t\t\t\t<div class=\"elementor-container elementor-column-gap-default\">\n\t\t\t\t\t<div class=\"elementor-column elementor-col-100 elementor-top-column elementor-element elementor-element-26d34a9\" data-id=\"26d34a9\" data-element_type=\"column\">\n\t\t\t<div class=\"elementor-widget-wrap elementor-element-populated\">\n\t\t\t\t\t\t<div class=\"elementor-element elementor-element-0efaa42 elementor-widget elementor-widget-heading\" data-id=\"0efaa42\" data-element_type=\"widget\" data-widget_type=\"heading.default\">\n\t\t\t\t<div class=\"elementor-widget-container\">\n\t\t\t\t\t<h2 class=\"elementor-heading-title elementor-size-default\">Limousinenservice<\/h2>\t\t\t\t<\/div>\n\t\t\t\t<\/div>\n\t\t\t\t\t<\/div>\n\t\t<\/div>\n\t\t\t\t\t<\/div>\n\t\t<\/section>\n\t\t\t\t<section class=\"elementor-section elementor-top-section elementor-element elementor-element-19b3248 elementor-section-boxed elementor-section-height-default elementor-section-height-default\" data-id=\"19b3248\" data-element_type=\"section\">\n\t\t\t\t\t\t<div class=\"elementor-container elementor-column-gap-default\">\n\t\t\t\t\t<div class=\"elementor-column elementor-col-50 elementor-top-column elementor-element elementor-element-891ddf9\" data-id=\"891ddf9\" data-element_type=\"column\">\n\t\t\t<div class=\"elementor-widget-wrap elementor-element-populated\">\n\t\t\t\t\t\t<div class=\"elementor-element elementor-element-32c34fa elementor-widget elementor-widget-image\" data-id=\"32c34fa\" data-element_type=\"widget\" data-widget_type=\"image.default\">\n\t\t\t\t<div class=\"elementor-widget-container\">\n\t\t\t\t\t\t\t\t\t\t\t\t\t\t\t<img fetchpriority=\"high\" decoding=\"async\" width=\"768\" height=\"576\" src=\"https:\/\/fun-limos.de\/wp-content\/uploads\/2025\/01\/20180202_180251-768x576.jpg\" class=\"attachment-medium_large size-medium_large wp-image-602\" alt=\"\" srcset=\"https:\/\/fun-limos.de\/wp-content\/uploads\/2025\/01\/20180202_180251-768x576.jpg 768w, https:\/\/fun-limos.de\/wp-content\/uploads\/2025\/01\/20180202_180251-300x225.jpg 300w, https:\/\/fun-limos.de\/wp-content\/uploads\/2025\/01\/20180202_180251-1024x768.jpg 1024w, https:\/\/fun-limos.de\/wp-content\/uploads\/2025\/01\/20180202_180251-1536x1152.jpg 1536w, https:\/\/fun-limos.de\/wp-content\/uploads\/2025\/01\/20180202_180251-2048x1536.jpg 2048w\" sizes=\"(max-width: 768px) 100vw, 768px\" \/>\t\t\t\t\t\t\t\t\t\t\t\t\t\t\t<\/div>\n\t\t\t\t<\/div>\n\t\t\t\t\t<\/div>\n\t\t<\/div>\n\t\t\t\t<div class=\"elementor-column elementor-col-50 elementor-top-column elementor-element elementor-element-511e22a\" data-id=\"511e22a\" data-element_type=\"column\">\n\t\t\t<div class=\"elementor-widget-wrap elementor-element-populated\">\n\t\t\t\t\t\t<div class=\"elementor-element elementor-element-2f4d37d elementor-widget elementor-widget-text-editor\" data-id=\"2f4d37d\" data-element_type=\"widget\" data-widget_type=\"text-editor.default\">\n\t\t\t\t<div class=\"elementor-widget-container\">\n\t\t\t\t\t\t\t\t\t<p><strong>FUN-LIMOS<\/strong> ist Ihr <a title=\"Limousinenservice\" href=\"http:\/\/fun-limos.de\/limousinenservice.html\"><strong>Limousinenservice<\/strong><\/a> und <strong>kompetenter Dienstleister<\/strong> f\u00fcr exklusive Vermietungen im Luxussegment. Angefangen mit den Oberklasse-Luxuslimousinen der Marken <strong>Mercedes, BMW, Porsche, Audi<\/strong> und viele mehr, \u00fcber die <strong>Jeep Expedition <a title=\"Stretchlimousine\" href=\"http:\/\/fun-limos.de\/stretchlimousine.html\">Stretchlimousine<\/a><\/strong> <strong>&#8211; einmalig in ganz Europa<\/strong> &#8211;\u00a0 <strong>Chrysler Stretchlimousine<\/strong> und <strong>Excalibur Stretchlimousine<\/strong> bis hin zu der <strong>Hummer Stretchlimousine<\/strong>!<\/p><p>Unser Dienst ist verf\u00fcgbar in <strong>Freiburg im Breisgau, Emmendingen, Lahr, Offenburg, Karlsruhe, Stuttgart, Rastatt, Villingen-Schwenningen, Baden-Baden, L\u00f6rrach, Weil am Rhein, Basel, Stra\u00dfburg, Breisgau-Hochschwarzwald<\/strong> sowie in der <strong>n\u00e4heren Umgebung<\/strong>.<\/p>\t\t\t\t\t\t\t\t<\/div>\n\t\t\t\t<\/div>\n\t\t\t\t<div class=\"elementor-element elementor-element-defc4b8 elementor-align-right elementor-widget elementor-widget-button\" data-id=\"defc4b8\" data-element_type=\"widget\" data-widget_type=\"button.default\">\n\t\t\t\t<div class=\"elementor-widget-container\">\n\t\t\t\t\t\t\t\t\t<div class=\"elementor-button-wrapper\">\n\t\t\t\t\t<a class=\"elementor-button elementor-button-link elementor-size-sm\" href=\"http:\/\/fun-limos.de\/index.php\/fuhrpark\/\">\n\t\t\t\t\t\t<span class=\"elementor-button-content-wrapper\">\n\t\t\t\t\t\t\t\t\t<span class=\"elementor-button-text\">Zu den Angeboten<\/span>\n\t\t\t\t\t<\/span>\n\t\t\t\t\t<\/a>\n\t\t\t\t<\/div>\n\t\t\t\t\t\t\t\t<\/div>\n\t\t\t\t<\/div>\n\t\t\t\t\t<\/div>\n\t\t<\/div>\n\t\t\t\t\t<\/div>\n\t\t<\/section>\n\t\t\t\t<section class=\"elementor-section elementor-top-section elementor-element elementor-element-f584e8c elementor-section-boxed elementor-section-height-default elementor-section-height-default\" data-id=\"f584e8c\" data-element_type=\"section\">\n\t\t\t\t\t\t<div class=\"elementor-container elementor-column-gap-default\">\n\t\t\t\t\t<div class=\"elementor-column elementor-col-100 elementor-top-column elementor-element elementor-element-c9e805b\" data-id=\"c9e805b\" data-element_type=\"column\">\n\t\t\t<div class=\"elementor-widget-wrap elementor-element-populated\">\n\t\t\t\t\t\t<div class=\"elementor-element elementor-element-72ff3f8 elementor-widget elementor-widget-heading\" data-id=\"72ff3f8\" data-element_type=\"widget\" data-widget_type=\"heading.default\">\n\t\t\t\t<div class=\"elementor-widget-container\">\n\t\t\t\t\t<h2 class=\"elementor-heading-title elementor-size-default\">Chauffeurservice<\/h2>\t\t\t\t<\/div>\n\t\t\t\t<\/div>\n\t\t\t\t\t<\/div>\n\t\t<\/div>\n\t\t\t\t\t<\/div>\n\t\t<\/section>\n\t\t\t\t<section class=\"elementor-section elementor-top-section elementor-element elementor-element-3d38d49 elementor-section-boxed elementor-section-height-default elementor-section-height-default\" data-id=\"3d38d49\" data-element_type=\"section\">\n\t\t\t\t\t\t<div class=\"elementor-container elementor-column-gap-default\">\n\t\t\t\t\t<div class=\"elementor-column elementor-col-50 elementor-top-column elementor-element elementor-element-5054f89\" data-id=\"5054f89\" data-element_type=\"column\">\n\t\t\t<div class=\"elementor-widget-wrap elementor-element-populated\">\n\t\t\t\t\t\t<div class=\"elementor-element elementor-element-85949fe elementor-widget elementor-widget-text-editor\" data-id=\"85949fe\" data-element_type=\"widget\" data-widget_type=\"text-editor.default\">\n\t\t\t\t<div class=\"elementor-widget-container\">\n\t\t\t\t\t\t\t\t\t<p>FUN-LIMOS ist Ihr Limousinenservice &amp; Chauffeurservice<br \/>mit Sitz in Freiburg im Breisgau. Wir sind ein eingespieltes Team f\u00fcr<br \/>Kunden, die nicht nur Mobilit\u00e4t, Komfort, Exklusivit\u00e4t sowie Leistung,<br \/>Service und Zuverl\u00e4ssigkeit zu sch\u00e4tzen wissen, sondern vor allem deren<br \/>Inhalt ausleben m\u00f6chten. Unsere Fahrzeuge sind gem\u00e4\u00df \u00a7 49 PbefG zur<br \/>Bef\u00f6rderung von Personen zugelassen und verf\u00fcgen \u00fcber eine Mietwagenkonzession. Das Chauffeurpersonal befindet sich gem\u00e4\u00df \u00a7 1 und 2 A\u00dcG in Besitz eines g\u00fcltigen Personenbef\u00f6rderungsscheins. Sie k\u00f6nnen<br \/>Sich diese Angaben gerne vor Fahrtantritt vom Chauffeur durch Vorlage<br \/>des Auszugs aus der Mietwagenkonzession und des<br \/>Personenbef\u00f6rderungsscheins best\u00e4tigen lassen.<\/p>\t\t\t\t\t\t\t\t<\/div>\n\t\t\t\t<\/div>\n\t\t\t\t<div class=\"elementor-element elementor-element-3609737 elementor-widget elementor-widget-button\" data-id=\"3609737\" data-element_type=\"widget\" data-widget_type=\"button.default\">\n\t\t\t\t<div class=\"elementor-widget-container\">\n\t\t\t\t\t\t\t\t\t<div class=\"elementor-button-wrapper\">\n\t\t\t\t\t<a class=\"elementor-button elementor-button-link elementor-size-sm\" href=\"http:\/\/fun-limos.de\/index.php\/flughafentransfer\/\">\n\t\t\t\t\t\t<span class=\"elementor-button-content-wrapper\">\n\t\t\t\t\t\t\t\t\t<span class=\"elementor-button-text\">Zu den Angeboten<\/span>\n\t\t\t\t\t<\/span>\n\t\t\t\t\t<\/a>\n\t\t\t\t<\/div>\n\t\t\t\t\t\t\t\t<\/div>\n\t\t\t\t<\/div>\n\t\t\t\t\t<\/div>\n\t\t<\/div>\n\t\t\t\t<div class=\"elementor-column elementor-col-50 elementor-top-column elementor-element elementor-element-f9ff61a\" data-id=\"f9ff61a\" data-element_type=\"column\">\n\t\t\t<div class=\"elementor-widget-wrap elementor-element-populated\">\n\t\t\t\t\t\t<div class=\"elementor-element elementor-element-b5931bc elementor-hidden-phone elementor-widget elementor-widget-image\" data-id=\"b5931bc\" data-element_type=\"widget\" data-widget_type=\"image.default\">\n\t\t\t\t<div class=\"elementor-widget-container\">\n\t\t\t\t\t\t\t\t\t\t\t\t\t\t\t<img decoding=\"async\" width=\"4592\" height=\"3448\" src=\"https:\/\/fun-limos.de\/wp-content\/uploads\/2019\/04\/auto-automobile-blur-769892.jpg\" class=\"attachment-full size-full wp-image-26\" alt=\"\" srcset=\"https:\/\/fun-limos.de\/wp-content\/uploads\/2019\/04\/auto-automobile-blur-769892.jpg 4592w, https:\/\/fun-limos.de\/wp-content\/uploads\/2019\/04\/auto-automobile-blur-769892-300x225.jpg 300w, https:\/\/fun-limos.de\/wp-content\/uploads\/2019\/04\/auto-automobile-blur-769892-768x577.jpg 768w, https:\/\/fun-limos.de\/wp-content\/uploads\/2019\/04\/auto-automobile-blur-769892-1024x769.jpg 1024w, https:\/\/fun-limos.de\/wp-content\/uploads\/2019\/04\/auto-automobile-blur-769892-830x623.jpg 830w, https:\/\/fun-limos.de\/wp-content\/uploads\/2019\/04\/auto-automobile-blur-769892-230x173.jpg 230w, https:\/\/fun-limos.de\/wp-content\/uploads\/2019\/04\/auto-automobile-blur-769892-350x263.jpg 350w, https:\/\/fun-limos.de\/wp-content\/uploads\/2019\/04\/auto-automobile-blur-769892-480x360.jpg 480w\" sizes=\"(max-width: 4592px) 100vw, 4592px\" \/>\t\t\t\t\t\t\t\t\t\t\t\t\t\t\t<\/div>\n\t\t\t\t<\/div>\n\t\t\t\t\t<\/div>\n\t\t<\/div>\n\t\t\t\t\t<\/div>\n\t\t<\/section>\n\t\t\t\t<section class=\"elementor-section elementor-top-section elementor-element elementor-element-32ab66c elementor-section-boxed elementor-section-height-default elementor-section-height-default\" data-id=\"32ab66c\" data-element_type=\"section\">\n\t\t\t\t\t\t<div class=\"elementor-container elementor-column-gap-default\">\n\t\t\t\t\t<div class=\"elementor-column elementor-col-100 elementor-top-column elementor-element elementor-element-3534df1\" data-id=\"3534df1\" data-element_type=\"column\">\n\t\t\t<div class=\"elementor-widget-wrap elementor-element-populated\">\n\t\t\t\t\t\t<div class=\"elementor-element elementor-element-6b8cc29 elementor-widget elementor-widget-heading\" data-id=\"6b8cc29\" data-element_type=\"widget\" data-widget_type=\"heading.default\">\n\t\t\t\t<div class=\"elementor-widget-container\">\n\t\t\t\t\t<h2 class=\"elementor-heading-title elementor-size-default\">Hochzeitsauto<\/h2>\t\t\t\t<\/div>\n\t\t\t\t<\/div>\n\t\t\t\t\t<\/div>\n\t\t<\/div>\n\t\t\t\t\t<\/div>\n\t\t<\/section>\n\t\t\t\t<section class=\"elementor-section elementor-top-section elementor-element elementor-element-00e5434 elementor-section-boxed elementor-section-height-default elementor-section-height-default\" data-id=\"00e5434\" data-element_type=\"section\">\n\t\t\t\t\t\t<div class=\"elementor-container elementor-column-gap-default\">\n\t\t\t\t\t<div class=\"elementor-column elementor-col-50 elementor-top-column elementor-element elementor-element-99daa7d\" data-id=\"99daa7d\" data-element_type=\"column\">\n\t\t\t<div class=\"elementor-widget-wrap elementor-element-populated\">\n\t\t\t\t\t\t<div class=\"elementor-element elementor-element-1324ba1 elementor-widget elementor-widget-image\" data-id=\"1324ba1\" data-element_type=\"widget\" data-widget_type=\"image.default\">\n\t\t\t\t<div class=\"elementor-widget-container\">\n\t\t\t\t\t\t\t\t\t\t\t\t\t\t\t<img decoding=\"async\" width=\"300\" height=\"171\" src=\"https:\/\/fun-limos.de\/wp-content\/uploads\/2025\/01\/IMG-20180905-WA0146-300x171.jpg\" class=\"attachment-medium size-medium wp-image-600\" alt=\"\" srcset=\"https:\/\/fun-limos.de\/wp-content\/uploads\/2025\/01\/IMG-20180905-WA0146-300x171.jpg 300w, https:\/\/fun-limos.de\/wp-content\/uploads\/2025\/01\/IMG-20180905-WA0146-1024x583.jpg 1024w, https:\/\/fun-limos.de\/wp-content\/uploads\/2025\/01\/IMG-20180905-WA0146-768x437.jpg 768w, https:\/\/fun-limos.de\/wp-content\/uploads\/2025\/01\/IMG-20180905-WA0146.jpg 1376w\" sizes=\"(max-width: 300px) 100vw, 300px\" \/>\t\t\t\t\t\t\t\t\t\t\t\t\t\t\t<\/div>\n\t\t\t\t<\/div>\n\t\t\t\t\t<\/div>\n\t\t<\/div>\n\t\t\t\t<div class=\"elementor-column elementor-col-50 elementor-top-column elementor-element elementor-element-b80a187\" data-id=\"b80a187\" data-element_type=\"column\">\n\t\t\t<div class=\"elementor-widget-wrap elementor-element-populated\">\n\t\t\t\t\t\t<div class=\"elementor-element elementor-element-0c6d2a4 elementor-widget elementor-widget-text-editor\" data-id=\"0c6d2a4\" data-element_type=\"widget\" data-widget_type=\"text-editor.default\">\n\t\t\t\t<div class=\"elementor-widget-container\">\n\t\t\t\t\t\t\t\t\t<p>Feiern Sie das einzigartige Erlebnis in einem luxuri\u00f6sen Hochzeitsauto! Das besondere Ambiente f\u00fcr den unvergesslichen Tag in Ihrem Leben! Die Ankunft vor dem Standesamt oder vor der Kirche perfekt in Szene gesetzt! Genie\u00dfen Sie Luxus pur bei der Fahrt ins Gl\u00fcck in einem von uns zur Vermietung angebotenen Hochzeitsauto!<\/p>\t\t\t\t\t\t\t\t<\/div>\n\t\t\t\t<\/div>\n\t\t\t\t<div class=\"elementor-element elementor-element-cf7e726 elementor-align-right elementor-widget elementor-widget-button\" data-id=\"cf7e726\" data-element_type=\"widget\" data-widget_type=\"button.default\">\n\t\t\t\t<div class=\"elementor-widget-container\">\n\t\t\t\t\t\t\t\t\t<div class=\"elementor-button-wrapper\">\n\t\t\t\t\t<a class=\"elementor-button elementor-button-link elementor-size-sm\" href=\"http:\/\/fun-limos.de\/index.php\/hochzeitsarrangements\/\">\n\t\t\t\t\t\t<span class=\"elementor-button-content-wrapper\">\n\t\t\t\t\t\t\t\t\t<span class=\"elementor-button-text\">Zu den Angeboten<\/span>\n\t\t\t\t\t<\/span>\n\t\t\t\t\t<\/a>\n\t\t\t\t<\/div>\n\t\t\t\t\t\t\t\t<\/div>\n\t\t\t\t<\/div>\n\t\t\t\t\t<\/div>\n\t\t<\/div>\n\t\t\t\t\t<\/div>\n\t\t<\/section>\n\t\t\t\t<section class=\"elementor-section elementor-top-section elementor-element elementor-element-4eec839 elementor-section-boxed elementor-section-height-default elementor-section-height-default\" data-id=\"4eec839\" data-element_type=\"section\">\n\t\t\t\t\t\t<div class=\"elementor-container elementor-column-gap-default\">\n\t\t\t\t\t<div class=\"elementor-column elementor-col-100 elementor-top-column elementor-element elementor-element-687d834\" data-id=\"687d834\" data-element_type=\"column\">\n\t\t\t<div class=\"elementor-widget-wrap elementor-element-populated\">\n\t\t\t\t\t\t<div class=\"elementor-element elementor-element-68a61ae e-grid-align-right elementor-shape-rounded elementor-grid-0 elementor-widget elementor-widget-social-icons\" data-id=\"68a61ae\" data-element_type=\"widget\" data-widget_type=\"social-icons.default\">\n\t\t\t\t<div class=\"elementor-widget-container\">\n\t\t\t\t\t\t\t<div class=\"elementor-social-icons-wrapper elementor-grid\">\n\t\t\t\t\t\t\t<span class=\"elementor-grid-item\">\n\t\t\t\t\t<a class=\"elementor-icon elementor-social-icon elementor-social-icon-facebook-f elementor-repeater-item-49e2283\" href=\"https:\/\/de-de.facebook.com\/FunLimos.Limousinenservice\/\" target=\"_blank\">\n\t\t\t\t\t\t<span class=\"elementor-screen-only\">Facebook-f<\/span>\n\t\t\t\t\t\t<i class=\"fab fa-facebook-f\"><\/i>\t\t\t\t\t<\/a>\n\t\t\t\t<\/span>\n\t\t\t\t\t\t\t<span class=\"elementor-grid-item\">\n\t\t\t\t\t<a class=\"elementor-icon elementor-social-icon elementor-social-icon-instagram elementor-repeater-item-00b2d87\" href=\"https:\/\/www.instagram.com\/funlimos\" target=\"_blank\">\n\t\t\t\t\t\t<span class=\"elementor-screen-only\">Instagram<\/span>\n\t\t\t\t\t\t<i class=\"fab fa-instagram\"><\/i>\t\t\t\t\t<\/a>\n\t\t\t\t<\/span>\n\t\t\t\t\t\t\t<span class=\"elementor-grid-item\">\n\t\t\t\t\t<a class=\"elementor-icon elementor-social-icon elementor-social-icon-whatsapp elementor-repeater-item-7db1fbd\" href=\"https:\/wa.me\/01635558580\" target=\"_blank\">\n\t\t\t\t\t\t<span class=\"elementor-screen-only\">Whatsapp<\/span>\n\t\t\t\t\t\t<i class=\"fab fa-whatsapp\"><\/i>\t\t\t\t\t<\/a>\n\t\t\t\t<\/span>\n\t\t\t\t\t<\/div>\n\t\t\t\t\t\t<\/div>\n\t\t\t\t<\/div>\n\t\t\t\t\t<\/div>\n\t\t<\/div>\n\t\t\t\t\t<\/div>\n\t\t<\/section>\n\t\t\t\t<\/div>\n\t\t","protected":false},"excerpt":{"rendered":"<p>Limousinenservice FUN-LIMOS ist Ihr Limousinenservice und kompetenter Dienstleister f\u00fcr exklusive Vermietungen im Luxussegment. [&hellip;]<\/p>\n","protected":false},"author":1,"featured_media":0,"parent":0,"menu_order":0,"comment_status":"closed","ping_status":"closed","template":"","meta":{"footnotes":""},"class_list":["post-10","page","type-page","status-publish","hentry"],"_links":{"self":[{"href":"https:\/\/fun-limos.de\/index.php\/wp-json\/wp\/v2\/pages\/10","targetHints":{"allow":["GET"]}}],"collection":[{"href":"https:\/\/fun-limos.de\/index.php\/wp-json\/wp\/v2\/pages"}],"about":[{"href":"https:\/\/fun-limos.de\/index.php\/wp-json\/wp\/v2\/types\/page"}],"author":[{"embeddable":true,"href":"https:\/\/fun-limos.de\/index.php\/wp-json\/wp\/v2\/users\/1"}],"replies":[{"embeddable":true,"href":"https:\/\/fun-limos.de\/index.php\/wp-json\/wp\/v2\/comments?post=10"}],"version-history":[{"count":39,"href":"https:\/\/fun-limos.de\/index.php\/wp-json\/wp\/v2\/pages\/10\/revisions"}],"predecessor-version":[{"id":829,"href":"https:\/\/fun-limos.de\/index.php\/wp-json\/wp\/v2\/pages\/10\/revisions\/829"}],"wp:attachment":[{"href":"https:\/\/fun-limos.de\/index.php\/wp-json\/wp\/v2\/media?parent=10"}],"curies":[{"name":"wp","href":"https:\/\/api.w.org\/{rel}","templated":true}]}}